{"id":3047,"date":"2024-12-30T12:46:57","date_gmt":"2024-12-30T10:46:57","guid":{"rendered":"https:\/\/dasmedias.ro\/?page_id=3047"},"modified":"2025-06-04T14:24:46","modified_gmt":"2025-06-04T11:24:46","slug":"acompanierea-copiilor-prin-asistenta-sociala-spre-autonomie","status":"publish","type":"page","link":"https:\/\/dasmedias.ro\/index.php\/proiecte\/acompanierea-copiilor-prin-asistenta-sociala-spre-autonomie\/","title":{"rendered":"Acompanierea Copiilor prin Asisten\u021b\u0103 Social\u0103 spre Autonomie"},"content":{"rendered":"<p><img fetchpriority=\"high\" decoding=\"async\" class=\"alignnone wp-image-3048 size-full\" src=\"https:\/\/dasmedias.ro\/wp-content\/uploads\/2024\/12\/sigla.jpg\" alt=\"\" width=\"568\" height=\"121\" srcset=\"https:\/\/dasmedias.ro\/wp-content\/uploads\/2024\/12\/sigla.jpg 568w, https:\/\/dasmedias.ro\/wp-content\/uploads\/2024\/12\/sigla-300x64.jpg 300w\" sizes=\"(max-width: 568px) 100vw, 568px\" \/><\/p>\n<p style=\"text-align: right;\"><strong>30.12.2024<\/strong><\/p>\n<p style=\"text-align: center;\"><strong>Anun\u021b demarare proiect<\/strong><\/p>\n<p style=\"text-align: center;\">\u201eACASA-Acompanierea Copiilor prin Asisten\u021b\u0103 Social\u0103 spre Autonomie\u201d,<br \/>\nCod SMIS 331284<\/p>\n<p>Direc\u021bia de Asisten\u021b\u0103 Social\u0103 Media\u0219, \u00een calitate de <strong>Beneficiar<\/strong>, anun\u021b\u0103 demararea proiectului <strong>\u201eACASA-Acompanierea Copiilor prin Asisten\u021b\u0103 Social\u0103 spre Autonomie\u201d, Cod SMIS 331284<\/strong>.<\/p>\n<p>Proiectul este <strong>cofinan\u021bat din Programul Incluziune \u0219i Demnitate Social\u0103 2021-2027, <\/strong>\u00een cadrul apelului de proiecte nr: PIDS\/395\/PIDS_P5\/OP4\/ESO4.11\/PIDS_A23\u2013 <strong>\u201cServicii comunitare pentru copii \u0219i familii \u00een vederea prevenirii separ\u0103rii \u0219i \u00een vederea sus\u021binerii reintegr\u0103rii \u00een familie a copiilor proveni\u021bi din sistemul de protec\u021bie special\u0103 \u2013 Regiuni mai pu\u021bin dezvoltate\u201d.<\/strong><\/p>\n<p><strong>Valoarea total\u0103 a proiectului <\/strong>este de <strong>7.076.211,83 <\/strong>lei, din care valoare eligibila nerambursabila de 6.014.780,06 lei \u0219i valoare cofinan\u021bare eligibil\u0103 beneficiar de 141.524,26.<\/p>\n<p><strong>Durata de implementare <\/strong>a proiectului estede <strong>36<\/strong> de luni, \u00een perioada <strong>01 ianuarie 2025\u2013 31 decembrie 2027<\/strong>.<\/p>\n<p><strong>Obiectivul general al proiectului<\/strong> il reprezint\u0103 implementarea pe o perioada de 36 de luni a unui program integrat de masuri care s\u0103 contribuie direct la reducerea riscului separ\u0103rii copilului de familie, \u00een municipiul Media\u0219 \u0219i sat apar\u021bin\u0103tor Ighi\u0219ul Nou. Astfel, proiectul vizeaz\u0103 servicii integrate de s\u0103n\u0103tate, educa\u021bie, servicii sociale, care au cascop prevenire a separ\u0103rii copilului de familia sa , acordarea de sprijin material \u00een vederea elimin\u0103rii factorilor economici care ar putea s\u0103 afecteze men\u021binerea \u00een familie, pentru minim 266 de copii expu\u0219i riscului separ\u0103rii de familie dintre care 27 de etnie roma. Prezentul proiect atinge obiectivul general al PIDS Prioritatea P05 Reducerea disparit\u0103\u021bilor dintre copiii la risc de s\u0103r\u0103cie \u0219i\/sau excluziune social\u0103 \u0219i ceilal\u021bi copii , datorita activit\u0103\u021bilor ce vizeaz\u0103 furnizarea de servicii adaptate nevoilor specifice copiilor care tr\u0103iesc \u00een s\u0103r\u0103cie afla\u021bi \u00een risc de separare de familie astfel \u00eenc\u00e2t sa se asigure acestora dezvoltarea armonioas\u0103 \u00een familia biologic\u0103. Aceste activit\u0103\u021bi urm\u0103resc integrarea copiilor\/tinerilor \u00een societate, \u00een vederea unei vie\u0163i active, precum \u015fi valorificarea \u00eentregului lor poten\u0163ial, cu scopul de a le asigura calitatea vie\u0163ii. Proiectul \u00ee\u015fi propune s\u0103 ac\u0163ioneze \u00een vederea reducerii riscului de excluziune social\u0103 a copiilor\/tinerilor afla\u0163i \u00een dificultate \u015fi pentru asigurarea unei baze solide pentru dezvoltarea durabil\u0103. Implementarea acestui proiect va aduce beneficii directe grupului tint\u0103, respectiv:<br \/>\n&#8211; va permite prevenirea separ\u0103rii copilului de familia sa ca urmare a neglij\u0103rii nevoilor copilului, dezvolt\u0103rii fizice, sociale,cognitive, emo\u0163ionale \u015fi educa\u0163ionale din cauze socio-economice;<br \/>\n&#8211; va dezvolta deprinderi parentale necesare \u00eengrijirii copilului, pe care p\u0103rin\u0163ii trebuie s\u0103 le aib\u0103 \u015fi s\u0103 le utilizeze pentru a-i asigura copilului o dezvoltare intelectual\u0103, moral\u0103, comportamental\u0103 necesare integr\u0103rii \u00een familie \u015fi comunitate;<br \/>\n&#8211; vor fi ameliorate interac\u0163iunile disfunc\u0163ionale p\u0103rinte-copil \u015fi se vor men\u0163ine \u015fi consolida rela\u0163iile parentale;<br \/>\n&#8211; se va acorda sprijin financiar familiilor cu copii defavoriza\u0163i social pentru a reu\u015fi s\u0103 le asigure acestora condi\u0163ii adecvate de cre\u015ftere \u015fi dezvoltare, astfel \u00eenc\u00e2t s\u0103 se asigure prevenirea separ\u0103rii copiilor de familie, precum \u015fi respectarea drepturilor copilului;<\/p>\n<p>\u00cen mod direct, implementarea proiectului va conduce la cre\u015fterea calit\u0103\u0163ii vie\u0163ii copiilor expu\u015fi riscului de separare de familiile lor \u015fi la \u00eent\u0103rirea capacit\u0103\u0163ilor parentale prin asumarea reasponsabilit\u0103\u0163ilor fa\u0163\u0103 de cre\u015fterea, \u00eengrijirea \u015fi educarea propriilor copii.<\/p>\n<p><strong>Grupul \u021bint\u0103 al proiectului <\/strong>este reprezentant de 266 de copii, din care 27 de etnie rom\u0103, copii care tr\u0103iesc \u00een s\u0103r\u0103cie afla\u021bi \u00een risc de separare de familie, pentru care vor fi implementate m\u0103suri de sprijin \u00een vederea prevenirii separ\u0103rii de familie, pentru o perioada de 18 luni. Perioada de furnizare a serviciilor de sprijin pentru prevenirea separ\u0103rii copilului de familie este de 18 luni pentru minim 70% din total grup tinta.<\/p>\n<p>Pentru a fi eligibile persoanele din grupul \u021bint\u0103 &#8211; Copiii care tr\u0103iesc \u00een s\u0103r\u0103cie afla\u021bi \u00een risc de separare de familie trebuie s\u0103 \u00eendeplineasc\u0103 urm\u0103toarele condi\u021bii::<\/p>\n<p>1.nu au \u00eemplinit v\u00e2rsta de 18 ani la data intr\u0103rii \u00een opera\u021biune;<br \/>\n2. provin dintr-o familie care se confrunt\u0103 cu una sau mai multe din urm\u0103toarele:<br \/>\n-situa\u021bia economic\u0103 \u015fi condi\u021biile de locuit precare existente \u00een mediul s\u0103u familial \u015fi\/sau \u00een comunitate, respectiv situa\u021bie de risc de s\u0103r\u0103cie monetar\u0103 sau s\u0103r\u0103cie extrem\u0103;<br \/>\n-starea de s\u0103n\u0103tate precar\u0103 a unuia sau a mai multor membri ai familiei, inclusiv dizabilitatea acestora;<br \/>\n-mediul abuziv, violent existent \u00een familie \u015fi comportamentele la risc care pot afecta negativ rela\u021biile dintre adul\u021bi, copii \u015fi dintre adul\u021bi \u015fi copii;<br \/>\n3. se afl\u0103 \u00een anumite situa\u021bii de vulnerabilitate, cum ar fi comportamentul delincvent, p\u0103r\u0103sirea repetat\u0103 a domiciliului, consumul de alcool \u015fi de droguri, tentativ\u0103 de suicid \u015fi abandonul \u015fcolar;<br \/>\n4 au domiciliul\/re\u0219edin\u021ba in municipiul Media\u0219 \u0219i sat apar\u021bin\u0103tor Ighi\u0219ul Nou\/jud Sibiu.<\/p>\n<p><strong>Activit\u0103\u021bile proiectului <\/strong>includ:<\/p>\n<ul>\n<li>Informarea \u0219i vizibilitatea sprijinului din fonduri<\/li>\n<li>M\u0103suri inovative de abordare \u0219i promovarea prevenirii separ\u0103rii copilului de familie, promovarea egalit\u0103\u021bii de \u0219anse \u0219i nediscrimin\u0103rii<\/li>\n<li>Identificarea, atragerea \u0219i men\u021binerea grupului \u021bint\u0103 \u00een proiect,evaluarea copiilor afla\u021bi \u00een situa\u021bie de risc de separare de familie,inclusiv elaborarea Planului de servicii<\/li>\n<li>Consilierea psihologic\u0103 \u0219i suportul emo\u021bional pentru copil \u0219i familie<\/li>\n<li>Servicii de orientare voca\u021bional\u0103<\/li>\n<li>Suport pentru dezvoltarea abilit\u0103\u021bilor de via\u021b\u0103 independent\u0103, activit\u0103\u021bi recreative \u0219i de socializare<\/li>\n<li>Servicii de acompaniere \u0219i sprijin pentru familii vulnerabile<\/li>\n<li>Sprijin financiar pentru familii vulnerabile<\/li>\n<li>Monitorizarea \u015fi reevaluarea periodic\u0103 a progreselor \u00eenregistrate, deciziilor \u015fi interven\u0163iilor specializate<\/li>\n<li>Teatru social pentru prevenirea consumului de alcool \u0219i droguri<\/li>\n<\/ul>\n<p><strong>Informa\u021bii suplimentare se pot ob\u021bine de la Direc\u021bia de Asisten\u021b\u0103 Social\u0103 Media\u0219 \u2013 <\/strong><a href=\"http:\/\/www.dasmedias.ro\">www.dasmedias.ro<\/a><\/p>\n<p><a href=\"https:\/\/dasmedias.ro\/wp-content\/uploads\/2025\/06\/A3.1-Metodologie-criterii-selectie-GT.pdf\">A3.1 Metodologie criterii selectie GT<\/a><\/p>\n<p><img decoding=\"async\" class=\"alignnone wp-image-3050 size-full\" src=\"https:\/\/dasmedias.ro\/wp-content\/uploads\/2024\/12\/sigla2.jpg\" alt=\"\" width=\"730\" height=\"166\" srcset=\"https:\/\/dasmedias.ro\/wp-content\/uploads\/2024\/12\/sigla2.jpg 730w, https:\/\/dasmedias.ro\/wp-content\/uploads\/2024\/12\/sigla2-300x68.jpg 300w\" sizes=\"(max-width: 730px) 100vw, 730px\" \/><\/p>\n","protected":false},"excerpt":{"rendered":"<p>30.12.2024 Anun\u021b demarare proiect \u201eACASA-Acompanierea Copiilor prin Asisten\u021b\u0103 Social\u0103 spre Autonomie\u201d, Cod SMIS 331284 Direc\u021bia de Asisten\u021b\u0103 Social\u0103 Media\u0219, \u00een calitate de Beneficiar, anun\u021b\u0103 demararea proiectului \u201eACASA-Acompanierea Copiilor prin Asisten\u021b\u0103 Social\u0103 spre Autonomie\u201d, Cod SMIS 331284. Proiectul este cofinan\u021bat din Programul Incluziune \u0219i Demnitate Social\u0103 2021-2027, \u00een cadrul apelului de proiecte nr: PIDS\/395\/PIDS_P5\/OP4\/ESO4.11\/PIDS_A23\u2013 \u201cServicii comunitare pentru copii \u0219i familii \u00een [&hellip;]<\/p>\n","protected":false},"author":1,"featured_media":0,"parent":2340,"menu_order":0,"comment_status":"closed","ping_status":"closed","template":"","meta":{"footnotes":""},"class_list":["post-3047","page","type-page","status-publish","hentry"],"_links":{"self":[{"href":"https:\/\/dasmedias.ro\/index.php\/wp-json\/wp\/v2\/pages\/3047","targetHints":{"allow":["GET"]}}],"collection":[{"href":"https:\/\/dasmedias.ro\/index.php\/wp-json\/wp\/v2\/pages"}],"about":[{"href":"https:\/\/dasmedias.ro\/index.php\/wp-json\/wp\/v2\/types\/page"}],"author":[{"embeddable":true,"href":"https:\/\/dasmedias.ro\/index.php\/wp-json\/wp\/v2\/users\/1"}],"replies":[{"embeddable":true,"href":"https:\/\/dasmedias.ro\/index.php\/wp-json\/wp\/v2\/comments?post=3047"}],"version-history":[{"count":5,"href":"https:\/\/dasmedias.ro\/index.php\/wp-json\/wp\/v2\/pages\/3047\/revisions"}],"predecessor-version":[{"id":3105,"href":"https:\/\/dasmedias.ro\/index.php\/wp-json\/wp\/v2\/pages\/3047\/revisions\/3105"}],"up":[{"embeddable":true,"href":"https:\/\/dasmedias.ro\/index.php\/wp-json\/wp\/v2\/pages\/2340"}],"wp:attachment":[{"href":"https:\/\/dasmedias.ro\/index.php\/wp-json\/wp\/v2\/media?parent=3047"}],"curies":[{"name":"wp","href":"https:\/\/api.w.org\/{rel}","templated":true}]}}