{"id":2590,"date":"2023-02-27T10:11:54","date_gmt":"2023-02-27T08:11:54","guid":{"rendered":"https:\/\/dasmedias.ro\/?page_id=2590"},"modified":"2023-03-29T11:19:20","modified_gmt":"2023-03-29T08:19:20","slug":"asistenta-medicala-in-unitati-de-invatamant","status":"publish","type":"page","link":"https:\/\/dasmedias.ro\/index.php\/unitati\/asistenta-medicala-in-unitati-de-invatamant\/","title":{"rendered":"Asisten\u021b\u0103 medical\u0103 \u00een unit\u0103\u021bi de \u00eenv\u0103\u021b\u0103m\u00e2nt"},"content":{"rendered":"<p>Asisten\u0163a medical\u0103 \u015fi stomatologic\u0103 a pre\u015fcolarilor \u015fi elevilor  se asigur\u0103 \u00een cabinetele medicale \u015fi stomatologice din gr\u0103dini\u0163ele \u015fi \u015fcolile din municipiul Media\u015f \u015fi satul apar\u0163in\u0103tor Ighi\u015ful Nou cu respectarea legisla\u0163iei ce reglementeaz\u0103 activitatea de asisten\u0163\u0103 medical\u0103 a pre\u015fcolarilor, elevilor.<br \/>\nPrin cabinetele medicale \u015fi stomatologice din gr\u0103dini\u0163ele \u015fi \u015fcolile din municipiul Media\u015f \u015fi satul apar\u0163in\u0103tor Ighi\u015ful Nou se asigur\u0103 asisten\u0163a medical\u0103 \u015fi stomatologic\u0103 preventiv\u0103 \u015fi curativ\u0103 conform prevederilor Ordinului 653\/2001 cu modific\u0103rile \u015fi complet\u0103rile ulterioare.<br \/>\nAtribu\u0163iile cadrelor medicale, medici, medici stomatologi \u015fi asisten\u0163i medicali din cadrul compartimentului asisten\u0163\u0103 medical\u0103 \u00een unit\u0103\u0163ile de \u00eenv\u0103\u0163\u0103m\u00e2nt sunt stabilite conform anexelor 1, 2, 3, 4, 5 \u015fi 6 la Ordinul 653\/2001 privind asisten\u0163a medical\u0103 a pre\u015fcolarilor, elevilor \u015fi studen\u0163ilor.<\/p>\n","protected":false},"excerpt":{"rendered":"<p>Asisten\u0163a medical\u0103 \u015fi stomatologic\u0103 a pre\u015fcolarilor \u015fi elevilor se asigur\u0103 \u00een cabinetele medicale \u015fi stomatologice din gr\u0103dini\u0163ele \u015fi \u015fcolile din municipiul Media\u015f \u015fi satul apar\u0163in\u0103tor Ighi\u015ful Nou cu respectarea legisla\u0163iei ce reglementeaz\u0103 activitatea de asisten\u0163\u0103 medical\u0103 a pre\u015fcolarilor, elevilor. Prin cabinetele medicale \u015fi stomatologice din gr\u0103dini\u0163ele \u015fi \u015fcolile din municipiul Media\u015f \u015fi satul apar\u0163in\u0103tor Ighi\u015ful Nou se asigur\u0103 asisten\u0163a medical\u0103 [&hellip;]<\/p>\n","protected":false},"author":1,"featured_media":0,"parent":2317,"menu_order":0,"comment_status":"closed","ping_status":"closed","template":"","meta":{"footnotes":""},"class_list":["post-2590","page","type-page","status-publish","hentry"],"_links":{"self":[{"href":"https:\/\/dasmedias.ro\/index.php\/wp-json\/wp\/v2\/pages\/2590","targetHints":{"allow":["GET"]}}],"collection":[{"href":"https:\/\/dasmedias.ro\/index.php\/wp-json\/wp\/v2\/pages"}],"about":[{"href":"https:\/\/dasmedias.ro\/index.php\/wp-json\/wp\/v2\/types\/page"}],"author":[{"embeddable":true,"href":"https:\/\/dasmedias.ro\/index.php\/wp-json\/wp\/v2\/users\/1"}],"replies":[{"embeddable":true,"href":"https:\/\/dasmedias.ro\/index.php\/wp-json\/wp\/v2\/comments?post=2590"}],"version-history":[{"count":3,"href":"https:\/\/dasmedias.ro\/index.php\/wp-json\/wp\/v2\/pages\/2590\/revisions"}],"predecessor-version":[{"id":2703,"href":"https:\/\/dasmedias.ro\/index.php\/wp-json\/wp\/v2\/pages\/2590\/revisions\/2703"}],"up":[{"embeddable":true,"href":"https:\/\/dasmedias.ro\/index.php\/wp-json\/wp\/v2\/pages\/2317"}],"wp:attachment":[{"href":"https:\/\/dasmedias.ro\/index.php\/wp-json\/wp\/v2\/media?parent=2590"}],"curies":[{"name":"wp","href":"https:\/\/api.w.org\/{rel}","templated":true}]}}