{"id":24,"date":"2023-02-06T11:43:34","date_gmt":"2023-02-06T09:43:34","guid":{"rendered":"https:\/\/dasmedias.ro\/?page_id=24"},"modified":"2023-03-29T12:13:41","modified_gmt":"2023-03-29T09:13:41","slug":"programe-si-strategii","status":"publish","type":"page","link":"https:\/\/dasmedias.ro\/index.php\/despre-noi\/programe-si-strategii\/","title":{"rendered":"Programe \u0219i strategii"},"content":{"rendered":"<p><a href=\"http:\/\/www.primariamedias.ro\/portal\/medias\/portal.nsf\/AllByUNID\/Strategia-de-Dezvoltare-a-Municipiului-Medias-2021--2027-0001A8F2?OpenDocument\" target=\"_blank\" rel=\"noopener\">Strategia de Dezvoltare a Municipiului Media\u015f 2021 &#8211; 2027<\/a><\/p>\n<p><a href=\"https:\/\/galmedias.ro\/strategia-de-dezvoltare-locala\/sdl\/\" target=\"_blank\" rel=\"noopener\">Strategia de Dezvoltare Locala a GAL ZUM Medias<\/a><\/p>\n<p><a href=\"https:\/\/dasmedias.ro\/wp-content\/uploads\/2023\/03\/HCL-26-2023-Plan-anual-de-actiuni-privind-Serviciile-sociale.pdf\">HCL 26\/2023 privind aprobarea Planului anual de actiuni privind Serviciile sociale pentru anul 2023<\/a><\/p>\n<p><a href=\"https:\/\/dasmedias.ro\/wp-content\/uploads\/2023\/03\/HCL-27-2023.pdf\">HCL 27\/2023 privind aprobarea Planului de ac\u021biuni\/lucr\u0103ri de interes local pe anul 2023 pentru repartizarea orelor de munc\u0103 prestate lunar de c\u0103tre persoanele majore apte de munc\u0103 din familia beneficiar\u0103 de ajutor social, \u00een conformitate cu prevederile Legii nr. 416\/2001 privind venitul minim garantat, cu modific\u0103rile \u0219i complet\u0103rile ulterioare<\/a><\/p>\n","protected":false},"excerpt":{"rendered":"<p>Strategia de Dezvoltare a Municipiului Media\u015f 2021 &#8211; 2027 Strategia de Dezvoltare Locala a GAL ZUM Medias HCL 26\/2023 privind aprobarea Planului anual de actiuni privind Serviciile sociale pentru anul 2023 HCL 27\/2023 privind aprobarea Planului de ac\u021biuni\/lucr\u0103ri de interes local pe anul 2023 pentru repartizarea orelor de munc\u0103 prestate lunar de c\u0103tre persoanele majore apte de munc\u0103 din familia [&hellip;]<\/p>\n","protected":false},"author":1,"featured_media":0,"parent":8,"menu_order":0,"comment_status":"closed","ping_status":"closed","template":"","meta":{"footnotes":""},"class_list":["post-24","page","type-page","status-publish","hentry"],"_links":{"self":[{"href":"https:\/\/dasmedias.ro\/index.php\/wp-json\/wp\/v2\/pages\/24","targetHints":{"allow":["GET"]}}],"collection":[{"href":"https:\/\/dasmedias.ro\/index.php\/wp-json\/wp\/v2\/pages"}],"about":[{"href":"https:\/\/dasmedias.ro\/index.php\/wp-json\/wp\/v2\/types\/page"}],"author":[{"embeddable":true,"href":"https:\/\/dasmedias.ro\/index.php\/wp-json\/wp\/v2\/users\/1"}],"replies":[{"embeddable":true,"href":"https:\/\/dasmedias.ro\/index.php\/wp-json\/wp\/v2\/comments?post=24"}],"version-history":[{"count":5,"href":"https:\/\/dasmedias.ro\/index.php\/wp-json\/wp\/v2\/pages\/24\/revisions"}],"predecessor-version":[{"id":2718,"href":"https:\/\/dasmedias.ro\/index.php\/wp-json\/wp\/v2\/pages\/24\/revisions\/2718"}],"up":[{"embeddable":true,"href":"https:\/\/dasmedias.ro\/index.php\/wp-json\/wp\/v2\/pages\/8"}],"wp:attachment":[{"href":"https:\/\/dasmedias.ro\/index.php\/wp-json\/wp\/v2\/media?parent=24"}],"curies":[{"name":"wp","href":"https:\/\/api.w.org\/{rel}","templated":true}]}}