{"id":2331,"date":"2023-02-07T14:41:35","date_gmt":"2023-02-07T12:41:35","guid":{"rendered":"https:\/\/dasmedias.ro\/?page_id=2331"},"modified":"2023-02-07T14:41:35","modified_gmt":"2023-02-07T12:41:35","slug":"decontare-cheltuieli-cu-refugiatii-din-ucraina","status":"publish","type":"page","link":"https:\/\/dasmedias.ro\/index.php\/decontare-cheltuieli-cu-refugiatii-din-ucraina\/","title":{"rendered":"Decontare cheltuieli cu refugia\u021bii din Ucraina"},"content":{"rendered":"<p>Potrivit H.G. nr. 336 din 11.03.2022 persoanele fizice din Rom\u00e2nia care g\u0103zduiesc cet\u0103\u0163eni str\u0103ini sau apatrizi proveni\u0163i din zona conflictului armat din Ucraina, beneficiaz\u0103 de decontarea din bugetul inspectoratelor jude\u0163ene pentru situa\u0163ii de urgen\u0163\u0103 a cheltuielilor cu hrana \u00een valoare de 20 de lei\/zi pentru fiecare persoana g\u0103zduit\u0103.<\/p>\n<p>Pentru a ob\u0163ine decontarea acestor cheltuieli, persoana fizic\u0103 din municipiul Media\u015f \u015fi satul apar\u0163in\u0103tor Ighi\u015ful Nou va depune \u00een primele 3 zile lucr\u0103toare ale fiec\u0103rei luni o cerere (Anexa nr. 1) la sediul Direc\u0163iei de Asisten\u0163\u0103 Social\u0103 Media\u015f (D.A.S. Media\u015f), Aleea Comandor D. Moraru, nr. 11, de luni p\u00e2n\u0103 vineri, \u00eentre orele 07-15, care va con\u0163ine:<\/p>\n<ul>\n<li>num\u0103rul persoanelor g\u0103zduite,<\/li>\n<li>numele \u015fi prenumele persoanelor g\u0103zduite,<\/li>\n<li>denumirea localit\u0103\u0163ii din care ace\u015ftia provin,<\/li>\n<li>intervalului de timp pentru care se solicit\u0103 decontarea cheltuielilor cu hrana.<\/li>\n<\/ul>\n<p>La aceast\u0103 cerere se anexeaz\u0103 o declara\u0163ie pe propria r\u0103spundere a solicitantului (Anexa nr. 2), actul de identitate \u015fi documente care s\u0103 ateste dreptul de folosin\u0163\u0103 asupra locuin\u0163ei. \u00cen cuprinsul cererii se va preciza dac\u0103 solicitantul opteaz\u0103 ptr. \u00eencasarea banilor \u00een numerar sau prin virament bancar. \u00cen cazul \u00een care se opteaz\u0103 pentru viramentul bancar se va depune \u0219i un extras de cont.<\/p>\n<p>P\u00e2n\u0103 cel t\u00e2rziu \u00een data de 20 a lunii curente, autorit\u0103\u0163ile administra\u0163iei publice locale vor face plata sumelor cuvenite c\u0103tre beneficiari pentru luna precedent\u0103.<\/p>\n<p>Preciz\u0103m c\u0103 potrivit H.G. nr. 336 din 11 martie 2022,\u00a0 reprezentan\u0163ii D.A.S. Media\u015f vor putea efectua verific\u0103ri privind realitatea informa\u0163iilor din cererea depus\u0103 de persoanele fizice care g\u0103zduiesc cet\u0103\u0163eni ucraineni.<\/p>\n<p>Cererea \u00eempreun\u0103 cu declara\u021bia pe propria r\u0103spundere (anexele 1 \u015fi 2), care trebuie completate de persoanele fizice pentru decontarea cheltuielilor cu hrana str\u0103inilor proveni\u0163i din zona conflictului armat din Ucraina pot pot desc\u0103rcate de mai jos.<\/p>\n<p><a href=\"https:\/\/dasmedias.ro\/wp-content\/uploads\/2023\/02\/cerere-decontare-hrana-si-cazare.pdf\">Anexa 1 &#8211; cerere decontare hrana si cazare<\/a><\/p>\n<p><a href=\"https:\/\/dasmedias.ro\/wp-content\/uploads\/2023\/02\/Anexa2Declaratie.pdf\">Anexa2(Declaratie)<\/a><\/p>\n","protected":false},"excerpt":{"rendered":"<p>Potrivit H.G. nr. 336 din 11.03.2022 persoanele fizice din Rom\u00e2nia care g\u0103zduiesc cet\u0103\u0163eni str\u0103ini sau apatrizi proveni\u0163i din zona conflictului armat din Ucraina, beneficiaz\u0103 de decontarea din bugetul inspectoratelor jude\u0163ene pentru situa\u0163ii de urgen\u0163\u0103 a cheltuielilor cu hrana \u00een valoare de 20 de lei\/zi pentru fiecare persoana g\u0103zduit\u0103. Pentru a ob\u0163ine decontarea acestor cheltuieli, persoana fizic\u0103 din municipiul Media\u015f \u015fi [&hellip;]<\/p>\n","protected":false},"author":1,"featured_media":0,"parent":0,"menu_order":0,"comment_status":"closed","ping_status":"closed","template":"","meta":{"footnotes":""},"class_list":["post-2331","page","type-page","status-publish","hentry"],"_links":{"self":[{"href":"https:\/\/dasmedias.ro\/index.php\/wp-json\/wp\/v2\/pages\/2331","targetHints":{"allow":["GET"]}}],"collection":[{"href":"https:\/\/dasmedias.ro\/index.php\/wp-json\/wp\/v2\/pages"}],"about":[{"href":"https:\/\/dasmedias.ro\/index.php\/wp-json\/wp\/v2\/types\/page"}],"author":[{"embeddable":true,"href":"https:\/\/dasmedias.ro\/index.php\/wp-json\/wp\/v2\/users\/1"}],"replies":[{"embeddable":true,"href":"https:\/\/dasmedias.ro\/index.php\/wp-json\/wp\/v2\/comments?post=2331"}],"version-history":[{"count":1,"href":"https:\/\/dasmedias.ro\/index.php\/wp-json\/wp\/v2\/pages\/2331\/revisions"}],"predecessor-version":[{"id":2334,"href":"https:\/\/dasmedias.ro\/index.php\/wp-json\/wp\/v2\/pages\/2331\/revisions\/2334"}],"wp:attachment":[{"href":"https:\/\/dasmedias.ro\/index.php\/wp-json\/wp\/v2\/media?parent=2331"}],"curies":[{"name":"wp","href":"https:\/\/api.w.org\/{rel}","templated":true}]}}