{"id":2312,"date":"2023-02-07T14:27:00","date_gmt":"2023-02-07T12:27:00","guid":{"rendered":"https:\/\/dasmedias.ro\/?page_id=2312"},"modified":"2023-03-29T11:39:42","modified_gmt":"2023-03-29T08:39:42","slug":"adapost-de-noapte-si-de-asistenta-de-reinseratie-pentru-persoane-fara-adapost","status":"publish","type":"page","link":"https:\/\/dasmedias.ro\/index.php\/unitati\/adapost-de-noapte-si-de-asistenta-de-reinseratie-pentru-persoane-fara-adapost\/","title":{"rendered":"Ad\u0103post de Noapte \u015fi de Asisten\u0163\u0103 de reinsera\u0163ie pentru persoane f\u0103r\u0103 ad\u0103post"},"content":{"rendered":"<p><strong>Persoane eligibile<\/strong><\/p>\n<p>Beneficiarii serviciilor sociale acordate \u00een \u00a0Ad\u0103post\u00a0 de Noapte \u015fi Asisten\u0163\u0103 de Reinser\u0163ie pentru\u00a0 Persoanele f\u0103r\u0103 Ad\u0103post\u00a0 sunt persoane f\u0103r\u0103 ad\u0103post, f\u0103r\u0103 sprijin familial, \u00een general f\u0103r\u0103 surse de venit:<br \/>\n&#8211; Tineri &#8211;\u00a0 peste 18 ani \u2013 26 ani<br \/>\n&#8211;\u00a0 peste 26 ani &#8211; 35 ani<br \/>\n&#8211; Adul\u0163i &#8211; peste 35 ani &#8211; 65 ani<br \/>\n&#8211; V\u00e2rstnici &#8211;\u00a0 peste 65 ani<br \/>\ncu domiciliul\/re\u015fedin\u0163a \u00een aceea\u015fi localitate pe a c\u0103rei raz\u0103 administrativ teritorial\u0103 func\u0163ioneaz\u0103 \/\u00ee\u015fi are sediul serviciul social,\u00a0 precum \u015fi cei cu domiciliul\/re\u015fedin\u0163a \u00een alte localit\u0103\u0163i dec\u00e2t cea pe a c\u0103rei raz\u0103 administrativ teritorial\u0103 func\u0163ioneaz\u0103\/\u00ee\u015fi are sediul serviciul social.<br \/>\nCapacitatea ad\u0103postului este de 15 locuri repartizate \u00een dou\u0103 dormitoare 7 locuri pentru femei \u015fi 8 locuri pentru b\u0103rba\u0163i.<\/p>\n<p><strong>Admiterea \u00een ad\u0103postul de noapte\u00a0\u00a0\u00a0 <\/strong><\/p>\n<ul>\n<li>Acte necesare: carte de identitate<\/li>\n<li>Identificarea persoanelor f\u0103r\u0103 ad\u0103post se efectueaz\u0103 de c\u0103tre personalul de specialitate din cadrul D.A.S., \u00eempreun\u0103 cu organele competente (Poli\u0163ia Municipal\u0103, Poli\u0163ia Local\u0103, Jandarmeria, et.) \u015fi persoane din comunitate;<\/li>\n<li>Acordarea serviciilor \u00een ad\u0103postul de noapte se face pe baza acordului liber de voin\u0163\u0103 a persoanelor care se prezint\u0103 la ad\u0103post sau a celor conduse de c\u0103tre organele competente; Se va completa de c\u0103tre beneficiar o <strong>cerere de primire \u00een ad\u0103post<\/strong>;<\/li>\n<li>Activitatea ad\u0103postului se desf\u0103\u015foar\u0103 pe timp de noapte, \u00een ture de 12 ore, \u00eentre orele 19.00 \u2013 07.00;<\/li>\n<li>Primirea persoanelor f\u0103r\u0103 ad\u0103post se face \u00eentre orele 19.00 \u2013 22.00 cu excep\u0163ia cazurilor identificate \u015fi conduse la ad\u0103post de c\u0103tre organele competente care pot fi primite \u015fi dup\u0103 orele 22.00;<\/li>\n<li>Evaluarea social\u0103 a persoanelor f\u0103r\u0103 ad\u0103post se face \u00een camera de primire de c\u0103tre personalul angajat \u00een cadrul ad\u0103postului prin completarea de c\u0103tre ace\u015ftia a <strong>Fi\u015fei de luare \u00een eviden\u0163\u0103.<\/strong><\/li>\n<li>Eviden\u0163a beneficiarilor admi\u015fi se \u0163ine \u00een <strong>Registrul de eviden\u0163\u0103 al beneficiarilor<\/strong> \u00een care se consemneaz\u0103 : data \u015fi ora primirii, numele \u015fi prenumele beneficiarului, v\u00e2rsta, seria \u015fi num\u0103rul c\u0103r\u0163ii de identitate sau buletinului de identitate. Persoanele conduse la ad\u0103post de c\u0103tre organele competente pot fi primite \u015fi f\u0103r\u0103 acte de identitate, fiind identificate \u00een prealabil de c\u0103tre Poli\u0163ie, Poli\u0163ie local\u0103 etc.<\/li>\n<li>Pe timpul \u015federii \u00een ad\u0103post persoanelor f\u0103r\u0103 ad\u0103post li se asigur\u0103 igiena corporal\u0103 \u00een regim de urgen\u0163\u0103, deparazitare, dup\u0103 caz, un loc \u00een spa\u0163iul amenajat pentru dormit, haine \u015fi lenjerie pentru uzul personal;<\/li>\n<li>Pe timpul \u015federii \u00een ad\u0103post persoanelor f\u0103r\u0103 ad\u0103post li se ofer\u0103 un ceai cald, condi\u0163ii de socializare \u00eentr-un spa\u0163iu amenajat dotat cu mese, scaune, televizor;<\/li>\n<li>Serviciile sunt acordate gratuit.<\/li>\n<\/ul>\n<p><strong>Condi\u0163ii de \u00eencetare a serviciilor:<\/strong><\/p>\n<ul>\n<li>La cererea beneficiarului;<\/li>\n<li>Dac\u0103 pe timpul \u015federii \u00een ad\u0103post persoanele asistate manifest\u0103 un comportament neadecvat, agresiv, serviciile pot fi sistate pe baza unui proces verbal \u00eentocmit de c\u0103tre personalul aflat \u00een serviciu.<\/li>\n<\/ul>\n<p>Nu sunt admise \u00een ad\u0103post persoanele aflate \u00een stare de ebrietate \u015fi cu comportament agresiv.<\/p>\n<p><strong>Legislatie primar\u0103<\/strong><\/p>\n<p>&#8211; Legea nr. 292\/2011 a asisten\u0163ei sociale;<br \/>\n&#8211; ORDIN nr. 29 din 3 ianuarie 2019 pentru aprobarea standardelor minime de calitate pentru acreditarea serviciilor sociale destinate persoanelor v\u00e2rstnice, persoanelor f\u0103r\u0103 ad\u0103post, tinerilor care au p\u0103r\u0103sit sistemul de protec\u0163ie a copilului \u015fi altor categorii de persoane adulte aflate \u00een dificultate, precum \u015fi a serviciilor acordate \u00een comunitate, serviciilor acordate \u00een sistem integrat \u015fi cantinele sociale;<br \/>\n&#8211; Anexa 5 STANDARDE MINIME din 3 ianuarie 2019 de calitate pentru serviciile sociale acordate \u00een comunitate, organizate ca ad\u0103posturi de noapte, cod 8790 CR-PFA-II;<br \/>\n&#8211; H.G. nr. 867 din 14 octombrie 2015 pentru aprobarea Nomenclatorului serviciilor sociale, precum \u015fi a regulamentelor \u2013 cadru de organizare \u015fi func\u0163ionare a serviciilor sociale;<br \/>\n&#8211; OSGG\/600\/2018 privind aprobarea SCIM al entit\u0103\u0163ilor publice.<\/p>\n<p><a href=\"https:\/\/dasmedias.ro\/wp-content\/uploads\/2023\/03\/Cerere-de-primire-in-Adapostul-de-Noapte.doc\">Cerere de primire in Adapostul de Noapte &#8211; descarca<\/a><\/p>\n<p><a href=\"https:\/\/dasmedias.ro\/wp-content\/uploads\/2023\/02\/ROF-Adapost-de-noapte-modificat-09-03-2021.docx\">ROF Adapost de noapte &#8211; modificat 09.03.2021 &#8211; descarca<\/a><\/p>\n","protected":false},"excerpt":{"rendered":"<p>Persoane eligibile Beneficiarii serviciilor sociale acordate \u00een \u00a0Ad\u0103post\u00a0 de Noapte \u015fi Asisten\u0163\u0103 de Reinser\u0163ie pentru\u00a0 Persoanele f\u0103r\u0103 Ad\u0103post\u00a0 sunt persoane f\u0103r\u0103 ad\u0103post, f\u0103r\u0103 sprijin familial, \u00een general f\u0103r\u0103 surse de venit: &#8211; Tineri &#8211;\u00a0 peste 18 ani \u2013 26 ani &#8211;\u00a0 peste 26 ani &#8211; 35 ani &#8211; Adul\u0163i &#8211; peste 35 ani &#8211; 65 ani &#8211; V\u00e2rstnici &#8211;\u00a0 peste [&hellip;]<\/p>\n","protected":false},"author":1,"featured_media":0,"parent":2317,"menu_order":0,"comment_status":"closed","ping_status":"closed","template":"","meta":{"footnotes":""},"class_list":["post-2312","page","type-page","status-publish","hentry"],"_links":{"self":[{"href":"https:\/\/dasmedias.ro\/index.php\/wp-json\/wp\/v2\/pages\/2312","targetHints":{"allow":["GET"]}}],"collection":[{"href":"https:\/\/dasmedias.ro\/index.php\/wp-json\/wp\/v2\/pages"}],"about":[{"href":"https:\/\/dasmedias.ro\/index.php\/wp-json\/wp\/v2\/types\/page"}],"author":[{"embeddable":true,"href":"https:\/\/dasmedias.ro\/index.php\/wp-json\/wp\/v2\/users\/1"}],"replies":[{"embeddable":true,"href":"https:\/\/dasmedias.ro\/index.php\/wp-json\/wp\/v2\/comments?post=2312"}],"version-history":[{"count":6,"href":"https:\/\/dasmedias.ro\/index.php\/wp-json\/wp\/v2\/pages\/2312\/revisions"}],"predecessor-version":[{"id":2705,"href":"https:\/\/dasmedias.ro\/index.php\/wp-json\/wp\/v2\/pages\/2312\/revisions\/2705"}],"up":[{"embeddable":true,"href":"https:\/\/dasmedias.ro\/index.php\/wp-json\/wp\/v2\/pages\/2317"}],"wp:attachment":[{"href":"https:\/\/dasmedias.ro\/index.php\/wp-json\/wp\/v2\/media?parent=2312"}],"curies":[{"name":"wp","href":"https:\/\/api.w.org\/{rel}","templated":true}]}}