{"id":2306,"date":"2023-02-07T14:18:41","date_gmt":"2023-02-07T12:18:41","guid":{"rendered":"https:\/\/dasmedias.ro\/?page_id=2306"},"modified":"2023-02-07T14:19:14","modified_gmt":"2023-02-07T12:19:14","slug":"carta-drepturilor-beneficiarilor","status":"publish","type":"page","link":"https:\/\/dasmedias.ro\/index.php\/despre-noi\/carta-drepturilor-beneficiarilor\/","title":{"rendered":"Carta drepturilor beneficiarilor"},"content":{"rendered":"<p style=\"text-align: center;\"><strong>C A R T A<br \/>\nDREPTURILOR \u015eI OBLIGA\u0162IILOR BENEFICIARILOR SERVICIILOR \u015eI BENEFICIILOR DE ASISTEN\u0162\u0102 SOCIAL\u0102<\/strong><\/p>\n<p><strong>Drepturile beneficiarilor sunt :<\/strong><br \/>\n&#8211; Dreptul la serviciile \u015fi beneficii de asisten\u0163\u0103 social\u0103 de calitate, \u00een conformitate cu legisla\u0163ia \u00een vigoare, cu resursele umane, financiare \u015fi materiale de care dispune serviciul .<br \/>\n&#8211; Dreptul de a fi trata\u0163i f\u0103r\u0103 discriminare pe baz\u0103 de etnie, sex, religie, opinie sau categorie social\u0103 sau orice alt\u0103 circumstan\u0163\u0103 personal\u0103 sau social\u0103, precum \u015fi dreptul de a li se garanta demnitatea \u015fi intimitatea .<br \/>\n&#8211; Dreptul de a fi informa\u0163i asupra drepturilor fundamentale \u015fi a m\u0103surilor legale de protec\u0163ie, asupra condi\u0163iilor care trebuie \u00eendeplinite pentru a le ob\u0163ine , asupra situa\u0163iilor de risc .<br \/>\n&#8211; Dreptul de a participa la procesul de luare a deciziilor \u00een furnizarea serviciilor sociale \u015fi acordarea presta\u0163iilor sociale precum \u015fi \u00een ceea ce prive\u015fte interven\u0163ia asupra propriei persoane .<br \/>\n&#8211; Dreptul de a li se asigura p\u0103strarea confiden\u0163ialit\u0103\u0163ii asupra informa\u0163iilor furnizate \u015fi primite.<br \/>\n&#8211; Dreptul de a participa la evaluarea serviciilor \u015fi presta\u0163iilor sociale primite, direct sau prin reprezentantul legal ,acolo unde este cazul .<br \/>\n&#8211; Dreptul de a participa la stabilirea obiectivelor \u015fi priorit\u0103\u0163ilor de \u00eembun\u0103t\u0103\u0163ire a calit\u0103\u0163ii serviciilor sociale oferite. .<br \/>\n&#8211; Dreptul de a li se promova \u015fi disemina o imagine pozitiv\u0103.<br \/>\n&#8211; Dreptul ca informa\u0163iile ce li se aduc la cuno\u015ftin\u0163\u0103 s\u0103 fie exprimate \u00eentr-un limbaj clar respectuos , cu minimalizarea terminologiei de specialitate dac\u0103 nu sunt buni cunosc\u0103tori ai limbii rom\u00e2ne sau dac\u0103 nu au capacitatea de a asimila informa\u0163ia .<br \/>\n&#8211; Dreptul de a adresa sesiz\u0103ri, reclama\u0163ii sau de se adresa instan\u0163ei judec\u0103tore\u015fti competente pentru solu\u0163ionarea litigiilor \u00een leg\u0103tur\u0103 cu acordarea serviciilor sau presta\u0163iilor sociale dac\u0103 beneficiarul serviciului social se consider\u0103 nedrept\u0103\u0163it de furnizarea acestora .<br \/>\n&#8211; \u00cen interesul beneficiarului, serviciul poate transmite altor parteneri implica\u0163i \u00een solu\u0163ionarea cazului respectiv, informa\u0163ii referitoare la beneficiar, numai cu acordul acestuia sau reprezentantului legal, precum \u015fi cu respectarea prevederilor legisla\u0163iei \u00een vigoare .<br \/>\n&#8211; Dreptul de fi cunoscute procedurile aplicate \u00een evaluare lor, familiilor sau reprezentan\u0163ilor legali .<br \/>\n&#8211; Dreptul de a cunoa\u015fte rezultatele evalu\u0103rii activit\u0103\u0163ilor realizate \u00een parteneriat anual .<br \/>\n&#8211; Dreptul de a li se asigura \u00een procesul de furnizare a serviciilor demnitatea , autodeterminarea , autonomia \u00een gestionarea propriilor bunuri precum \u015fi dreptul la demnitate personal\u0103 .<br \/>\n&#8211; Dreptul de a cunoa\u015fte prevederile Codului de Etic\u0103, ale c\u0103rui prevederi principale vizeaz\u0103 respectarea demnit\u0103\u0163ii beneficiarilor \u015fi a familiilor sau reprezentan\u0163ilor legali \u015fi protejarea acestora \u00eempotriva eventualelor riscuri .<br \/>\n&#8211; Dreptul de a participa la activit\u0103\u0163ile organizate de S.P.S.S.Media\u015f c\u00e2t \u015fi la cele din cadrul comunit\u0103\u0163ii .<\/p>\n<p><strong>Obliga\u0163iile beneficiarilor sunt :<\/strong><br \/>\n&#8211; Obliga\u0163ia de a cunoa\u015fte tipul serviciilor \u015fi beneficiilor de asisten\u0163\u0103 social\u0103 acordate de D.A.S. Media\u015f .<br \/>\n&#8211; Obliga\u0163ia de a avea o atitudine de respect fa\u0163\u0103 de personalul direc\u0163iei .<br \/>\n&#8211; Obliga\u0163ia de a furniza informa\u0163ii corecte cu privire la identitate, situa\u0163ie familial\u0103, social\u0103, medical\u0103 \u015fi economic\u0103, necesare potrivit prevederilor legale .<br \/>\n&#8211; Obliga\u0163ia de a comunica orice modificare \u00een leg\u0103tur\u0103 cu situa\u0163ia personal\u0103 \u015fi familial\u0103 care poate determina dreptul la un serviciu sau la o presta\u0163ie social\u0103 .<br \/>\n&#8211; Obliga\u0163ia de a participa activ la procesul de furnizare a serviciilor sociale , pentru a dep\u0103\u015fi situa\u0163ia de dificultate \u00een care se afl\u0103 .<br \/>\n&#8211; Obliga\u0163ia de a cunoa\u015fte \u015fi de a respecta identitatea \u015fi statutul profesional al persoanelor care r\u0103spund de acordarea serviciilor \u015fi presta\u0163iilor sociale .<br \/>\n&#8211; Obliga\u0163ia de a promova \u015fi disemina o imagine pozitiv\u0103 a serviciilor \u015fi presta\u0163iilor sociale de care a beneficiat .<\/p>\n","protected":false},"excerpt":{"rendered":"<p>C A R T A DREPTURILOR \u015eI OBLIGA\u0162IILOR BENEFICIARILOR SERVICIILOR \u015eI BENEFICIILOR DE ASISTEN\u0162\u0102 SOCIAL\u0102 Drepturile beneficiarilor sunt : &#8211; Dreptul la serviciile \u015fi beneficii de asisten\u0163\u0103 social\u0103 de calitate, \u00een conformitate cu legisla\u0163ia \u00een vigoare, cu resursele umane, financiare \u015fi materiale de care dispune serviciul . &#8211; Dreptul de a fi trata\u0163i f\u0103r\u0103 discriminare pe baz\u0103 de etnie, sex, [&hellip;]<\/p>\n","protected":false},"author":1,"featured_media":0,"parent":8,"menu_order":0,"comment_status":"closed","ping_status":"closed","template":"","meta":{"footnotes":""},"class_list":["post-2306","page","type-page","status-publish","hentry"],"_links":{"self":[{"href":"https:\/\/dasmedias.ro\/index.php\/wp-json\/wp\/v2\/pages\/2306","targetHints":{"allow":["GET"]}}],"collection":[{"href":"https:\/\/dasmedias.ro\/index.php\/wp-json\/wp\/v2\/pages"}],"about":[{"href":"https:\/\/dasmedias.ro\/index.php\/wp-json\/wp\/v2\/types\/page"}],"author":[{"embeddable":true,"href":"https:\/\/dasmedias.ro\/index.php\/wp-json\/wp\/v2\/users\/1"}],"replies":[{"embeddable":true,"href":"https:\/\/dasmedias.ro\/index.php\/wp-json\/wp\/v2\/comments?post=2306"}],"version-history":[{"count":2,"href":"https:\/\/dasmedias.ro\/index.php\/wp-json\/wp\/v2\/pages\/2306\/revisions"}],"predecessor-version":[{"id":2308,"href":"https:\/\/dasmedias.ro\/index.php\/wp-json\/wp\/v2\/pages\/2306\/revisions\/2308"}],"up":[{"embeddable":true,"href":"https:\/\/dasmedias.ro\/index.php\/wp-json\/wp\/v2\/pages\/8"}],"wp:attachment":[{"href":"https:\/\/dasmedias.ro\/index.php\/wp-json\/wp\/v2\/media?parent=2306"}],"curies":[{"name":"wp","href":"https:\/\/api.w.org\/{rel}","templated":true}]}}