{"id":2,"date":"2023-02-03T13:22:18","date_gmt":"2023-02-03T13:22:18","guid":{"rendered":"http:\/\/dasmedias.ro\/?page_id=2"},"modified":"2025-04-14T10:09:33","modified_gmt":"2025-04-14T07:09:33","slug":"pagina-exemplu","status":"publish","type":"page","link":"https:\/\/dasmedias.ro\/","title":{"rendered":"Acas\u0103"},"content":{"rendered":"<p><b><i>&lt; Problematica omului \u00een centrul aten\u021biei noastre \u2026 &gt;<\/i><\/b><\/p>\n<p><b>BENEFICIARII SERVICIILOR SOCIALE<\/b><br \/>\nSunt toate categoriile de persoane care din motive economice, fizice, psihice sau sociale nu au posibilitatea s\u0103 \u00ee\u015fi asigure nevoile sociale, s\u0103 \u00ee\u015fi dezvolte propriile capacit\u0103\u021bi de\u00a0 integrare social\u0103.<\/p>\n<p><b>M\u0102SURI DE ASISTEN\u0162\u0102 SOCIAL\u0102 <\/b><br \/>\n\u00cen domeniul :<br \/>\n\u2013\u00a0\u00a0\u00a0\u00a0\u00a0\u00a0\u00a0\u00a0\u00a0 protec\u021biei copilului<br \/>\n\u2013\u00a0\u00a0\u00a0\u00a0\u00a0\u00a0\u00a0\u00a0 protec\u021biei\u00a0 familiei<br \/>\n\u2013\u00a0\u00a0\u00a0\u00a0\u00a0\u00a0\u00a0\u00a0\u00a0 persoanelor singure<br \/>\n\u2013\u00a0\u00a0\u00a0\u00a0\u00a0\u00a0\u00a0\u00a0\u00a0 persoanelor v\u00e2rstnice<br \/>\n\u2013\u00a0\u00a0\u00a0\u00a0\u00a0\u00a0\u00a0\u00a0\u00a0 persoanelor cu handicap<br \/>\nprecum \u0219i oric\u0103ror altor persoane sau familii aflate \u00een dificultate.<\/p>\n<p>Toat\u0103 activitatea noastr\u0103, prin aplicarea legilor, prin informare \u015fi consiliere este desf\u0103\u0219urat\u0103 \u00een interesul cet\u0103\u021beanului!<\/p>\n<hr \/>\n<p><strong>Servicii sociale cu bani europeni &#8211; Media\u0219, model de bun\u0103 practic\u0103<\/strong><\/p>\n<p><iframe title=\"YouTube video player\" src=\"https:\/\/www.youtube.com\/embed\/IPxGaT69EM8?si=5gC8jaQ7d11AK0Dz\" width=\"750\" height=\"450\" frameborder=\"0\" allowfullscreen=\"allowfullscreen\"><span style=\"display: inline-block; width: 0px; overflow: hidden; line-height: 0;\" data-mce-type=\"bookmark\" class=\"mce_SELRES_start\">\ufeff<\/span><span style=\"display: inline-block; width: 0px; overflow: hidden; line-height: 0;\" data-mce-type=\"bookmark\" class=\"mce_SELRES_start\">\ufeff<\/span><\/iframe><\/p>\n<hr \/>\n<blockquote><p><strong>Campanie de prevenire a traficului de persoane \u00een scopul exploat\u0103rii prin cer\u0219etorie.<br \/>\n&#8222;Traficul de persoane \u00eencepe cu o promisiune. Pentru fiecare ban primit, cer\u0219etorul \u00ee\u0219i d\u0103 la schimb libertatea.\u201d<\/strong><\/p>\n<table>\n<tbody>\n<tr>\n<td><iframe title=\"YouTube video player\" src=\"https:\/\/www.youtube.com\/embed\/0toVtzOcCAM?si=rSDUKa4_ZTfMoMAa\" width=\"500\" height=\"315\" frameborder=\"0\" allowfullscreen=\"allowfullscreen\"><\/iframe><\/td>\n<td><iframe title=\"YouTube video player\" src=\"https:\/\/www.youtube.com\/embed\/lijEGn_A6pE?si=Lx_5i1_8EYA-yaB0\" width=\"500\" height=\"315\" frameborder=\"0\" allowfullscreen=\"allowfullscreen\"><\/iframe><\/td>\n<\/tr>\n<\/tbody>\n<\/table>\n<\/blockquote>\n<blockquote><p><strong>Campanie de prevenire a traficului de persoane \u00een scopul exploat\u0103rii prin munc\u0103.<br \/>\n\u201cTraficul de persoane \u00eencepe cu o promisiune. Un loc de munc\u0103 sigur \u00eencepe cu un contract.\u201d <\/strong><\/p>\n<table>\n<tbody>\n<tr>\n<td><iframe title=\"YouTube video player\" src=\"https:\/\/www.youtube.com\/embed\/skdM3bh8PAI?si=0yA4nyBAF3d06lgE\" width=\"500\" height=\"315\" frameborder=\"0\" allowfullscreen=\"allowfullscreen\"><\/iframe><\/td>\n<td><iframe title=\"YouTube video player\" src=\"https:\/\/www.youtube.com\/embed\/c-spj2M2UXs?si=ee6RJbPFDZLoua1W\" width=\"500\" height=\"315\" frameborder=\"0\" allowfullscreen=\"allowfullscreen\"><\/iframe><\/td>\n<\/tr>\n<\/tbody>\n<\/table>\n<\/blockquote>\n<blockquote><p><strong>Campanie de prevenire a traficului de persoane \u00een scopul exploat\u0103rii sexuale.<br \/>\n\u201cTraficul de persoane \u00eencepe cu o promisiune. Visul unei vie\u021bi mai bune se poate transforma \u00een co\u0219marul exploat\u0103rii sexuale.\u201d<\/strong><\/p>\n<table>\n<tbody>\n<tr>\n<td><iframe title=\"YouTube video player\" src=\"https:\/\/www.youtube.com\/embed\/L1gqY2bm_AI?si=411TtMjmuH-0TtAJ\" width=\"500\" height=\"315\" frameborder=\"0\" allowfullscreen=\"allowfullscreen\"><\/iframe><\/td>\n<td><iframe title=\"YouTube video player\" src=\"https:\/\/www.youtube.com\/embed\/asPukMSbyM4?si=vbLGPFZP9Fp03BU4\" width=\"500\" height=\"315\" frameborder=\"0\" allowfullscreen=\"allowfullscreen\"><\/iframe><\/td>\n<\/tr>\n<\/tbody>\n<\/table>\n<\/blockquote>\n","protected":false},"excerpt":{"rendered":"<p>&lt; Problematica omului \u00een centrul aten\u021biei noastre \u2026 &gt; BENEFICIARII SERVICIILOR SOCIALE Sunt toate categoriile de persoane care din motive economice, fizice, psihice sau sociale nu au posibilitatea s\u0103 \u00ee\u015fi asigure nevoile sociale, s\u0103 \u00ee\u015fi dezvolte propriile capacit\u0103\u021bi de\u00a0 integrare social\u0103. M\u0102SURI DE ASISTEN\u0162\u0102 SOCIAL\u0102 \u00cen domeniul : \u2013\u00a0\u00a0\u00a0\u00a0\u00a0\u00a0\u00a0\u00a0\u00a0 protec\u021biei copilului \u2013\u00a0\u00a0\u00a0\u00a0\u00a0\u00a0\u00a0\u00a0 protec\u021biei\u00a0 familiei \u2013\u00a0\u00a0\u00a0\u00a0\u00a0\u00a0\u00a0\u00a0\u00a0 persoanelor singure \u2013\u00a0\u00a0\u00a0\u00a0\u00a0\u00a0\u00a0\u00a0\u00a0 persoanelor v\u00e2rstnice [&hellip;]<\/p>\n","protected":false},"author":1,"featured_media":0,"parent":0,"menu_order":0,"comment_status":"closed","ping_status":"open","template":"","meta":{"footnotes":""},"class_list":["post-2","page","type-page","status-publish","hentry"],"_links":{"self":[{"href":"https:\/\/dasmedias.ro\/index.php\/wp-json\/wp\/v2\/pages\/2","targetHints":{"allow":["GET"]}}],"collection":[{"href":"https:\/\/dasmedias.ro\/index.php\/wp-json\/wp\/v2\/pages"}],"about":[{"href":"https:\/\/dasmedias.ro\/index.php\/wp-json\/wp\/v2\/types\/page"}],"author":[{"embeddable":true,"href":"https:\/\/dasmedias.ro\/index.php\/wp-json\/wp\/v2\/users\/1"}],"replies":[{"embeddable":true,"href":"https:\/\/dasmedias.ro\/index.php\/wp-json\/wp\/v2\/comments?post=2"}],"version-history":[{"count":19,"href":"https:\/\/dasmedias.ro\/index.php\/wp-json\/wp\/v2\/pages\/2\/revisions"}],"predecessor-version":[{"id":3097,"href":"https:\/\/dasmedias.ro\/index.php\/wp-json\/wp\/v2\/pages\/2\/revisions\/3097"}],"wp:attachment":[{"href":"https:\/\/dasmedias.ro\/index.php\/wp-json\/wp\/v2\/media?parent=2"}],"curies":[{"name":"wp","href":"https:\/\/api.w.org\/{rel}","templated":true}]}}