{"id":10,"date":"2023-02-06T11:19:11","date_gmt":"2023-02-06T09:19:11","guid":{"rendered":"https:\/\/dasmedias.ro\/?page_id=10"},"modified":"2025-08-26T13:38:44","modified_gmt":"2025-08-26T10:38:44","slug":"legislatie-privind-organizarea-si-functionarea-institutiei","status":"publish","type":"page","link":"https:\/\/dasmedias.ro\/index.php\/despre-noi\/legislatie-privind-organizarea-si-functionarea-institutiei\/","title":{"rendered":"Legisla\u021bie privind organizarea \u0219i func\u021bionarea institu\u021biei"},"content":{"rendered":"<ul>\n<li><a href=\"http:\/\/www.mmuncii.ro\/j33\/index.php\/ro\/protectie-sociala-2\/98-legislatie-alocatia-de-stat-pentru-copii\" target=\"_blank\" rel=\"noopener\">Aloca\u0163ia de stat pentru copii<\/a><\/li>\n<li><a href=\"http:\/\/www.mmuncii.ro\/j33\/index.php\/ro\/legislatie\/protectie-sociala\/legislatie-agentia-nationala-pentru-plati-si-inspectie-sociala\">Agentia Nationala pentru Plati si Inspectie Sociala<\/a><\/li>\n<li><a href=\"http:\/\/www.mmuncii.ro\/j33\/index.php\/ro\/protectie-sociala-2\/100-legislatie-alocatiile-complementara-si-de-sustinere\" target=\"_blank\" rel=\"noopener\">Aloca\u0163iile complementar\u0103 \u015fi de sus\u0163inere<\/a><\/li>\n<li><a href=\"http:\/\/www.mmuncii.ro\/j33\/index.php\/ro\/legislatie\/protectie-sociala\/101:legislatie-asistenta-sociala\/\" target=\"_blank\" rel=\"noopener\">Asisten\u0163a social\u0103<\/a>\n<ul>\n<li><a href=\"http:\/\/www.mmuncii.ro\/j33\/index.php\/ro\/legislatie\/protectie-sociala\/102-institutii-si-servicii-publice-la-nivel-central-si-local\">Institu\u0163ii \u015fi servicii publice la nivel central \u015fi local<\/a><\/li>\n<li><a href=\"http:\/\/www.mmuncii.ro\/j33\/index.php\/ro\/protectie-sociala-2\/103-profesii\">Profesii<\/a><\/li>\n<li><a href=\"http:\/\/www.mmuncii.ro\/j33\/index.php\/ro\/legislatie\/protectie-sociala\/104:strategii-si-planuri-in-domeniul-asistentei-sociale\/\">Strategii \u015fi Planuri \u00een domeniul asisten\u0163ei sociale<\/a><\/li>\n<\/ul>\n<\/li>\n<li><a href=\"http:\/\/www.mmuncii.ro\/j33\/index.php\/ro\/2014-domenii\/familie\/politici-familiale-incluziune-si-asistenta-sociala\/820-asociatii-si-fundatii\" target=\"_blank\" rel=\"noopener\">Asocia\u0163ii \u015fi funda\u0163ii<\/a>\n<ul>\n<li><a href=\"http:\/\/www.mmuncii.ro\/j33\/index.php\/ro\/protectie-sociala-2\/106-extrase-financiare\">Extrase financiare<\/a><\/li>\n<li><a href=\"http:\/\/www.mmuncii.ro\/j33\/index.php\/ro\/protectie-sociala-2\/107-inregistrare-si-monitorizare\">\u00cenregistrare \u015fi monitorizare<\/a><\/li>\n<li><a href=\"http:\/\/www.mmuncii.ro\/j33\/index.php\/ro\/protectie-sociala-2\/108-pateneriat-public-privat\">Pateneriat public privat<\/a><\/li>\n<li><a href=\"http:\/\/www.mmuncii.ro\/j33\/index.php\/ro\/protectie-sociala-2\/109-reprezentante\">Reprezentan\u0163e<\/a><\/li>\n<li><a href=\"http:\/\/www.mmuncii.ro\/j33\/index.php\/ro\/protectie-sociala-2\/110-subventii\">Subven\u0163ii<\/a><\/li>\n<li><a href=\"http:\/\/www.mmuncii.ro\/j33\/index.php\/ro\/protectie-sociala-2\/111-utilitate-publica\">Utilitate public\u0103<\/a><\/li>\n<\/ul>\n<\/li>\n<li><a href=\"http:\/\/www.mmuncii.ro\/j33\/index.php\/ro\/protectie-sociala-2\/112-legislatie-combaterea-discriminarii\" target=\"_blank\" rel=\"noopener\">Combaterea discrimin\u0103rii<\/a><\/li>\n<li><a href=\"http:\/\/www.mmuncii.ro\/j33\/index.php\/ro\/legislatie\/protectie-sociala\/113:legislatie-contestatii\/\" target=\"_blank\" rel=\"noopener\">Contesta\u0163ii<\/a><\/li>\n<li><a href=\"http:\/\/www.mmuncii.ro\/j33\/index.php\/ro\/protectie-sociala-2\/114-legislatie-cuantumuri-de-prestatii-sociale\" target=\"_blank\" rel=\"noopener\">Cuantumuri de presta\u0163ii sociale<\/a><\/li>\n<li><a href=\"http:\/\/www.mmuncii.ro\/j33\/index.php\/ro\/egalitate-de-sanse-intre-femei-si-barbati\/1849-legislatia-in-domeniul-egalitatii-de-sanse-intre-femei-si-barbati\" target=\"_blank\" rel=\"noopener\">Egalitatea de \u015fanse<\/a>\n<ul>\n<li><a href=\"http:\/\/www.mmuncii.ro\/j33\/index.php\/ro\/2014-domenii\/egalitate-de-sanse-intre-femei-si-barbati\/1851-alte-materiale-informative-elaborate-anes\" target=\"_blank\" rel=\"noopener\">Agen\u0163ia Na\u0163ional\u0103 pentru Egalitate de \u015eanse \u00eentre femei \u015fi b\u0103rba\u0163i<\/a><\/li>\n<li><a href=\"http:\/\/www.mmuncii.ro\/j33\/index.php\/ro\/transparenta\/proiecte-in-dezbatere\/2956-2013-08-05-proiect-hg-cones\" target=\"_blank\" rel=\"noopener\">Comisia na\u0163ional\u0103 \u00een domeniul egalit\u0103\u0163ii de \u015fanse \u00eentre femei \u015fi b\u0103rba\u0163i (CONES)<\/a><\/li>\n<\/ul>\n<\/li>\n<li><a href=\"http:\/\/www.mmuncii.ro\/j33\/index.php\/ro\/protectie-sociala-2\/116-legislatie-incluziune-sociala\" target=\"_blank\" rel=\"noopener\">Incluziune social\u0103<\/a><\/li>\n<li><a href=\"http:\/\/www.mmuncii.ro\/j33\/index.php\/ro\/legislatie\/protectie-sociala\/117-legislatie-inspectia-in-domeniul-asistentei-sociale\" target=\"_blank\" rel=\"noopener\">Inspec\u0163ia \u00een domeniul asisten\u0163ei sociale<\/a><\/li>\n<li><a href=\"http:\/\/www.mmuncii.ro\/j33\/index.php\/ro\/legislatie\/protectie-sociala\/118:legislatie-incalzirea-locuintei\/\" target=\"_blank\" rel=\"noopener\">\u00cenc\u0103lzirea locuin\u0163ei<\/a>\n<ul>\n<li><a href=\"http:\/\/www.mmuncii.ro\/j33\/index.php\/ro\/protectie-sociala-2\/119-ajutoare-pentru-achizitia-de-centrale-si-arzatoare\">Ajutoare pentru achizi\u0163ia de\u00a0centrale \u015fi arz\u0103toare<\/a><\/li>\n<li><a href=\"http:\/\/www.mmuncii.ro\/j33\/index.php\/ro\/legislatie\/protectie-sociala\/120-ajutoare-pentru-incalzirea-locuintei\">Ajutoare pentru \u00eenc\u0103lzirea locuin\u0163ei<\/a><\/li>\n<li><a href=\"http:\/\/www.mmuncii.ro\/j33\/index.php\/ro\/legislatie\/protectie-sociala\/121-apa-calda-menajera\">Ap\u0103 cald\u0103 menajer\u0103<\/a><\/li>\n<li><a href=\"http:\/\/www.mmuncii.ro\/j33\/index.php\/ro\/legislatie\/protectie-sociala\/122-asociatii-de-proprietari\">Asocia\u0163ii de proprietari<\/a><\/li>\n<\/ul>\n<\/li>\n<li><a href=\"https:\/\/dasmedias.ro\/wp-content\/uploads\/2025\/08\/HCL-87-Regulament-privind-exploatarea-locuintelor-sociale-inchiriate-in-Municipiul-Medias.pdf\">Regulament privind exploatarea locuintelor sociale inchiriate in Municipiul Medias<\/a><\/li>\n<li><a href=\"http:\/\/www.mmuncii.ro\/j33\/index.php\/ro\/protectie-sociala-2\/171-persoane-cu-handicap\" target=\"_blank\" rel=\"noopener\">Persoane cu handicap<\/a>\n<ul>\n<li><a href=\"http:\/\/www.mmuncii.ro\/j33\/index.php\/ro\/legislatie\/protectie-sociala\/124-directia-generala-protectia-persoanelor-cu-handicap\">Directia Generala Protectia Persoanelor cu Handicap<\/a><\/li>\n<li><a href=\"http:\/\/www.mmuncii.ro\/j33\/index.php\/ro\/protectie-sociala-2\/125-accesibilizarea-mediului-fizic-si-informational\">Accesibilizarea mediului fizic \u015fi informa\u0163ional<\/a><\/li>\n<li><a href=\"http:\/\/www.mmuncii.ro\/j33\/index.php\/ro\/legislatie\/protectie-sociala\/126-asistentul-personal\">Asistentul personal<\/a><\/li>\n<li><a href=\"http:\/\/www.mmuncii.ro\/j33\/index.php\/ro\/legislatie\/protectie-sociala\/127-cuantumuri\">Cuantumuri<\/a><\/li>\n<li><a href=\"http:\/\/www.mmuncii.ro\/j33\/index.php\/ro\/?option=com_content&amp;view=article&amp;id=128:facilitati&amp;catid=15:protectie-sociala\">Facilit\u0103\u0163i<\/a><\/li>\n<li><a href=\"http:\/\/www.mmuncii.ro\/j33\/index.php\/ro\/proiecte-programe\/programe-de-finantare\">Finan\u0163are de proiecte<\/a><\/li>\n<li><a href=\"http:\/\/www.mmuncii.ro\/j33\/index.php\/ro\/legislatie\/protectie-sociala\">Formarea de personal<\/a><\/li>\n<li><a href=\"http:\/\/www.mmuncii.ro\/j33\/index.php\/ro\/legislatie\/protectie-sociala\/131:handicap-vizual\/\">Handicap vizual<\/a><\/li>\n<li><a href=\"http:\/\/www.mmuncii.ro\/j33\/index.php\/ro\/?option=com_content&amp;view=article&amp;id=132:hiv-sida&amp;catid=15:protectie-sociala\">HIV \/ SIDA<\/a><\/li>\n<li><a href=\"http:\/\/www.mmuncii.ro\/j33\/index.php\/ro\/protectie-sociala-2\/133-incadrarea-intr-un-grad-de-handicap\">\u00cencadrarea \u00eentr-un\u00a0grad de handicap<\/a><\/li>\n<li><a href=\"http:\/\/www.mmuncii.ro\/j33\/index.php\/ro\/legislatie\/protectie-sociala\/134:institutii-de-servicii-sociale\/\">Institu\u0163ii de\u00a0servicii sociale<\/a><\/li>\n<li><a href=\"http:\/\/www.mmuncii.ro\/j33\/index.php\/ro\/protectie-sociala-2\/135-obligatiile-angajatorilor\">Obliga\u0163iile angajatorilor<\/a><\/li>\n<\/ul>\n<\/li>\n<li><a href=\"http:\/\/www.mmuncii.ro\/j33\/index.php\/ro\/protectie-sociala-2\/136-legislatie-persoane-de-etnie-roma\" target=\"_blank\" rel=\"noopener\">Persoane de etnie rom\u0103<\/a>\n<ul>\n<li><a href=\"http:\/\/www.mmuncii.ro\/j33\/index.php\/ro\/protectie-sociala-2\/136-legislatie-persoane-de-etnie-roma\">Agen\u0163ia Na\u0163ional\u0103 pentru Romi<\/a><\/li>\n<li><a href=\"http:\/\/www.mmuncii.ro\/j33\/index.php\/ro\/protectie-sociala-2\/136-legislatie-persoane-de-etnie-roma\">Mediatorul sanitar<\/a><\/li>\n<\/ul>\n<\/li>\n<li><a href=\"http:\/\/www.mmuncii.ro\/j33\/index.php\/ro\/protectie-sociala-2\/137-legislatie-persoane-nevazatoare\" target=\"_blank\" rel=\"noopener\">Persoane nev\u0103z\u0103toare<\/a><\/li>\n<li><a href=\"http:\/\/www.mmuncii.ro\/j33\/index.php\/ro\/protectie-sociala-2\/138-legislatie-persoane-refugiate\" target=\"_blank\" rel=\"noopener\">Persoane refugiate<\/a>\n<ul>\n<li><a href=\"http:\/\/www.mmuncii.ro\/j33\/index.php\/ro\/protectie-sociala-2\/138-legislatie-persoane-refugiate\" target=\"_blank\" rel=\"noopener\">Oficiul Na\u0163ional pentru Refugia\u0163i<\/a><\/li>\n<\/ul>\n<\/li>\n<li><a href=\"http:\/\/www.mmuncii.ro\/j33\/index.php\/ro\/protectie-sociala-2\/139-legislatie-persoane-varstnice\" target=\"_blank\" rel=\"noopener\">Persoane v\u00e2rstnice<\/a>\n<ul>\n<li><a href=\"http:\/\/www.mmuncii.ro\/j33\/index.php\/ro\/protectie-sociala-2\/140-organisme-reprezentative\">Organisme reprezentative<\/a><\/li>\n<li><a href=\"http:\/\/www.mmuncii.ro\/j33\/index.php\/ro\/protectie-sociala-2\/141-cost-de-intretinere-in-camine-si-contributia-asistatului\">Cost de \u00eentre\u0163inere \u00een c\u0103mine \u015fi contribu\u0163ia asistatului<\/a><\/li>\n<li><a href=\"http:\/\/www.mmuncii.ro\/j33\/index.php\/ro\/protectie-sociala-2\/142-facilitati-de-transport\">Facilit\u0103\u0163i de\u00a0transport<\/a><\/li>\n<li><a href=\"http:\/\/www.mmuncii.ro\/j33\/index.php\/ro\/protectie-sociala-2\/143-instrumente-standard-de-evaluare-a-nevoilor-medico-sociale\">Instrumente standard de evaluare a nevoilor medico-sociale<\/a><\/li>\n<\/ul>\n<\/li>\n<li><a href=\"http:\/\/www.mmuncii.ro\/j33\/index.php\/ro\/2014-domenii\/familie\/politici-familiale-incluziune-si-asistenta-sociala\" target=\"_blank\" rel=\"noopener\">Politici \u00een domeniul social<\/a><\/li>\n<li><a href=\"http:\/\/www.bucuresti.prestatiisociale.ro\/legislatie.htm\" target=\"_blank\" rel=\"noopener\">Presta\u0163ii sociale<\/a><\/li>\n<li><a href=\"http:\/\/www.mmuncii.ro\/j33\/index.php\/ro\/legislatie\/protectie-sociala\/146:legislatie-programe\/\" target=\"_blank\" rel=\"noopener\">Programe<\/a>\n<ul>\n<li><a href=\"http:\/\/www.mmuncii.ro\/j33\/index.php\/ro\/legislatie\/protectie-sociala\/146:legislatie-programe\/\" target=\"_blank\" rel=\"noopener\">Achizi\u0163ionarea de\u00a0calculatoare pentru elevi \/ studen\u0163i\u00a0<\/a><\/li>\n<li><a href=\"http:\/\/www.mmuncii.ro\/j33\/index.php\/ro\/legislatie\/protectie-sociala\/146:legislatie-programe\/\" target=\"_blank\" rel=\"noopener\">Bani de liceu<\/a><\/li>\n<li><a href=\"http:\/\/www.mmuncii.ro\/j33\/index.php\/ro\/legislatie\/protectie-sociala\/146:legislatie-programe\/\" target=\"_blank\" rel=\"noopener\">Cornul \u015fi laptele<\/a><\/li>\n<\/ul>\n<\/li>\n<li><a href=\"http:\/\/www.mmuncii.ro\/j33\/index.php\/ro\/legislatie\/protectie-sociala\/147:legislatie-programe-de-interes-national\/\" target=\"_blank\" rel=\"noopener\">Programe de interes na\u0163ional<\/a><\/li>\n<li><a href=\"http:\/\/www.mmuncii.ro\/j33\/index.php\/ro\/legislatie\/protectie-sociala\/148:legislatie-protectia-copilului\/\" target=\"_blank\" rel=\"noopener\">Protec\u0163ia copilului<\/a>\n<ul>\n<li><a href=\"http:\/\/www.mmuncii.ro\/j33\/index.php\/ro\/legislatie\/protectie-sociala\/149-autoritatea-nationala-pentru-protectia-drepturilor-copilului\">Autoritatea Na\u0163ional\u0103 pentru Protec\u0163ia Drepturilor Copilului<\/a><\/li>\n<li><a href=\"http:\/\/www.mmuncii.ro\/j33\/index.php\/ro\/legislatie\/protectie-sociala\/150-comisia-pentru-protectia-copilului\">Comisia pentru protec\u0163ia copilului<\/a><\/li>\n<li><a href=\"http:\/\/www.mmuncii.ro\/j33\/index.php\/ro\/legislatie\/protectie-sociala\/151-adoptia\">Adop\u0163ia<\/a><\/li>\n<li><a href=\"http:\/\/www.mmuncii.ro\/j33\/index.php\/ro\/legislatie\/protectie-sociala\/152-delincventa-juvenila\">Delincven\u0163a juvenil\u0103<\/a><\/li>\n<li><a href=\"http:\/\/www.mmuncii.ro\/j33\/index.php\/ro\/legislatie\/protectie-sociala\/153-licentierea-si-inspectia-serviciilor-sociale\">Licen\u0163ierea \u015fi inspec\u0163ia serviciilor sociale<\/a><\/li>\n<li><a href=\"http:\/\/www.mmuncii.ro\/j33\/index.php\/ro\/legislatie\/protectie-sociala\/154-planuri-de-servicii-sociale\">Planuri de servicii sociale<\/a><\/li>\n<li><a href=\"http:\/\/www.mmuncii.ro\/j33\/index.php\/ro\/legislatie\/protectie-sociala\/155-prevenirea-si-combaterea-exploatarii-copiilor-prin-munca\">Prevenirea \u015fi combaterea exploat\u0103rii copiilor prin munc\u0103<\/a><\/li>\n<li><a href=\"http:\/\/www.mmuncii.ro\/j33\/index.php\/ro\/legislatie\/protectie-sociala\/156-repatrierea-copilului\">Repatrierea copilului<\/a><\/li>\n<li><a href=\"http:\/\/www.mmuncii.ro\/j33\/index.php\/ro\/legislatie\/protectie-sociala\/157-servicii-de-prevenire-a-abandonului-si-separarii-de-familie\">Servicii de prevenire a abandonului \u015fi separ\u0103rii de familie<\/a><\/li>\n<li><a href=\"http:\/\/www.mmuncii.ro\/j33\/index.php\/ro\/legislatie\/protectie-sociala\/158-tichete-cadou-si-tichete-de-cresa\">Tichete cadou \u015fi Tichete de cre\u015f\u0103<\/a><\/li>\n<li><a href=\"http:\/\/www.mmuncii.ro\/j33\/index.php\/ro\/legislatie\/protectie-sociala\/159-trusou-pentru-nou-nascuti\">Trusou pentru Nou-N\u0103scu\u0163i<\/a><\/li>\n<\/ul>\n<\/li>\n<li><a href=\"http:\/\/www.mmuncii.ro\/j33\/index.php\/ro\/legislatie\/protectie-sociala\/160:legislatie-repartizarea-biletelor-de-odihna\/\" target=\"_blank\" rel=\"noopener\">Repartizarea biletelor de odihn\u0103<\/a><\/li>\n<li><a href=\"http:\/\/www.mmuncii.ro\/j33\/index.php\/ro\/legislatie\/protectie-sociala\/161:legislatie-revolutionari-din-decembrie-1989\/\" target=\"_blank\" rel=\"noopener\">Revolu\u0163ionari din decembrie 1989<\/a>\n<ul>\n<li><a href=\"http:\/\/www.mmuncii.ro\/j33\/index.php\/ro\/legislatie\/protectie-sociala\/161:legislatie-revolutionari-din-decembrie-1989\/\" target=\"_blank\" rel=\"noopener\">Facilit\u0103\u0163i<\/a><\/li>\n<\/ul>\n<\/li>\n<li><a href=\"http:\/\/www.mmuncii.ro\/j33\/index.php\/ro\/legislatie\/protectie-sociala\/162:legislatie-servicii-sociale\/\" target=\"_blank\" rel=\"noopener\">Servicii Sociale<\/a>\n<ul>\n<li><a href=\"http:\/\/www.mmuncii.ro\/j33\/index.php\/ro\/politici-familiale-incluziune-si-asistenta-sociala\/acreditare-cadru-legal\">Acreditarea furnizorilor de\u00a0servicii sociale<\/a><\/li>\n<li><a href=\"http:\/\/www.mmuncii.ro\/j33\/index.php\/ro\/legislatie\/protectie-sociala\/164-contracte-de-acordare-a-serviciilor-sociale\">Contracte de acordare a serviciilor sociale<\/a><\/li>\n<li><a href=\"http:\/\/www.mmuncii.ro\/j33\/index.php\/ro\/legislatie\/protectie-sociala\/165-nomenclator-si-regulament-de-organizare-a-unitatilor-de-asistenta-sociala\">Nomenclator \u015fi regulament de organizare a unit\u0103\u0163ilor de\u00a0asisten\u0163\u0103 social\u0103<\/a><\/li>\n<li><a href=\"http:\/\/www.mmuncii.ro\/j33\/index.php\/ro\/legislatie\/protectie-sociala\/166-registrul-electronic-unic-al-serviciilor-sociale\">Registrul electronic unic al serviciilor sociale<\/a><\/li>\n<li><a href=\"http:\/\/www.mmuncii.ro\/j33\/index.php\/ro\/legislatie\/protectie-sociala\/167-unitati-de-asistenta-medico-sociale\">Unit\u0103\u0163i de asisten\u0163\u0103 medico-sociale<\/a><\/li>\n<\/ul>\n<\/li>\n<li><a href=\"http:\/\/www.mmuncii.ro\/j33\/index.php\/ro\/legislatie\/protectie-sociala\/168:legislatie-sprijin-financiar-la-constituirea-familiei\/\" target=\"_blank\" rel=\"noopener\">Sprijin financiar la constituirea familiei<\/a><\/li>\n<li><a href=\"http:\/\/www.mmuncii.ro\/j33\/index.php\/ro\/legislatie\/protectie-sociala\/169:legislatie-standarde-de-calitate\/\" target=\"_blank\" rel=\"noopener\">Standarde de calitate<\/a>\n<ul>\n<li><a href=\"http:\/\/www.mmuncii.ro\/j33\/index.php\/ro\/legislatie\/protectie-sociala\/170-copii\">Copii<\/a><\/li>\n<li><a href=\"http:\/\/www.mmuncii.ro\/j33\/index.php\/ro\/legislatie\/protectie-sociala\/171-persoane-cu-handicap\">Persoane cu handicap<\/a><\/li>\n<li><a href=\"http:\/\/www.mmuncii.ro\/j33\/index.php\/ro\/legislatie\/protectie-sociala\/172-persoane-varstnice\">Persoane v\u00e2rstnice<\/a><\/li>\n<li><a href=\"http:\/\/www.mmuncii.ro\/j33\/index.php\/ro\/legislatie\/protectie-sociala\/173-violenta-in-familie\">Violen\u0163a \u00een familie<\/a><\/li>\n<\/ul>\n<\/li>\n<li><a href=\"http:\/\/www.mmuncii.ro\/j33\/index.php\/ro\/legislatie\/protectie-sociala\/174:legislatie-sustinerea-familiei-in-vederea-cresterii-copilului\/\" target=\"_blank\" rel=\"noopener\">Sus\u0163inerea familiei \u00een vederea cre\u015fterii copilului<\/a><\/li>\n<li><a href=\"http:\/\/www.mmuncii.ro\/j33\/index.php\/ro\/legislatie\/protectie-sociala\/175:legislatie-traficul-de-persoane\/\" target=\"_blank\" rel=\"noopener\">Traficul de persoane<\/a><\/li>\n<li><a href=\"http:\/\/www.mmuncii.ro\/j33\/index.php\/ro\/legislatie\/protectie-sociala\/176:legislatie-traficul-si-consumul-ilicit-de-droguri\/\" target=\"_blank\" rel=\"noopener\">Traficul \u015fi consumul ilicit de droguri<\/a><\/li>\n<li><a href=\"http:\/\/www.mmuncii.ro\/j33\/index.php\/ro\/legislatie\/protectie-sociala\/177:legislatie-venitul-minim-garantat-si-alocatia-pentru-copiii-nou-nascuti\/\" target=\"_blank\" rel=\"noopener\">Venitul minim garantat \u015fi aloca\u0163ia pentru copiii nou-n\u0103scu\u0163i<\/a><\/li>\n<li><a href=\"http:\/\/www.mmuncii.ro\/j33\/index.php\/ro\/legislatie\/protectie-sociala\/178:legislatie-veterani-de-razboi\/\" target=\"_blank\" rel=\"noopener\">Veterani de r\u0103zboi<\/a>\n<ul>\n<li><a href=\"http:\/\/www.mmuncii.ro\/j33\/index.php\/ro\/legislatie\/protectie-sociala\/178:legislatie-veterani-de-razboi\/\" target=\"_blank\" rel=\"noopener\">Facilit\u0103\u0163i \u015fi\u00a0ajutoare<\/a><\/li>\n<\/ul>\n<\/li>\n<li><a href=\"http:\/\/www.mmuncii.ro\/j33\/index.php\/ro\/legislatie\/protectie-sociala\/179:legislatie-violenta-in-familie\/\" target=\"_blank\" rel=\"noopener\">Violen\u0163a \u00een familie<\/a>\n<ul>\n<li><a href=\"http:\/\/www.mmuncii.ro\/j33\/index.php\/ro\/legislatie\/protectie-sociala\/179:legislatie-violenta-in-familie\/\" target=\"_blank\" rel=\"noopener\">Agen\u0163ia Na\u0163ional\u0103 pentru Protec\u0163ia Familiei<\/a><\/li>\n<li><a href=\"http:\/\/www.mmuncii.ro\/j33\/index.php\/ro\/legislatie\/protectie-sociala\/179:legislatie-violenta-in-familie\/\" target=\"_blank\" rel=\"noopener\">Protec\u0163ia victimelor infrac\u0163iunilor<\/a><\/li>\n<li><a href=\"http:\/\/www.mmuncii.ro\/j33\/index.php\/ro\/legislatie\/protectie-sociala\/179:legislatie-violenta-in-familie\/\" target=\"_blank\" rel=\"noopener\">Servicii pentru prevenirea \u015fi combaterea violen\u0163ei \u00een familie<\/a><\/li>\n<\/ul>\n<\/li>\n<li><a href=\"http:\/\/www.mmuncii.ro\/j33\/index.php\/ro\/legislatie\/protectie-sociala\/180:legislatie-voluntariat\/\" target=\"_blank\" rel=\"noopener\">Voluntariat<\/a><\/li>\n<\/ul>\n","protected":false},"excerpt":{"rendered":"<p>Aloca\u0163ia de stat pentru copii Agentia Nationala pentru Plati si Inspectie Sociala Aloca\u0163iile complementar\u0103 \u015fi de sus\u0163inere Asisten\u0163a social\u0103 Institu\u0163ii \u015fi servicii publice la nivel central \u015fi local Profesii Strategii \u015fi Planuri \u00een domeniul asisten\u0163ei sociale Asocia\u0163ii \u015fi funda\u0163ii Extrase financiare \u00cenregistrare \u015fi monitorizare Pateneriat public privat Reprezentan\u0163e Subven\u0163ii Utilitate public\u0103 Combaterea discrimin\u0103rii Contesta\u0163ii Cuantumuri de presta\u0163ii sociale Egalitatea de [&hellip;]<\/p>\n","protected":false},"author":1,"featured_media":0,"parent":8,"menu_order":0,"comment_status":"closed","ping_status":"closed","template":"","meta":{"footnotes":""},"class_list":["post-10","page","type-page","status-publish","hentry"],"_links":{"self":[{"href":"https:\/\/dasmedias.ro\/index.php\/wp-json\/wp\/v2\/pages\/10","targetHints":{"allow":["GET"]}}],"collection":[{"href":"https:\/\/dasmedias.ro\/index.php\/wp-json\/wp\/v2\/pages"}],"about":[{"href":"https:\/\/dasmedias.ro\/index.php\/wp-json\/wp\/v2\/types\/page"}],"author":[{"embeddable":true,"href":"https:\/\/dasmedias.ro\/index.php\/wp-json\/wp\/v2\/users\/1"}],"replies":[{"embeddable":true,"href":"https:\/\/dasmedias.ro\/index.php\/wp-json\/wp\/v2\/comments?post=10"}],"version-history":[{"count":4,"href":"https:\/\/dasmedias.ro\/index.php\/wp-json\/wp\/v2\/pages\/10\/revisions"}],"predecessor-version":[{"id":3126,"href":"https:\/\/dasmedias.ro\/index.php\/wp-json\/wp\/v2\/pages\/10\/revisions\/3126"}],"up":[{"embeddable":true,"href":"https:\/\/dasmedias.ro\/index.php\/wp-json\/wp\/v2\/pages\/8"}],"wp:attachment":[{"href":"https:\/\/dasmedias.ro\/index.php\/wp-json\/wp\/v2\/media?parent=10"}],"curies":[{"name":"wp","href":"https:\/\/api.w.org\/{rel}","templated":true}]}}